{"id":1223,"date":"2022-06-15T10:55:56","date_gmt":"2022-06-15T10:55:56","guid":{"rendered":"https:\/\/cogiticova.es\/?page_id=1223"},"modified":"2024-02-01T09:42:24","modified_gmt":"2024-02-01T09:42:24","slug":"politica-de-privacidad-formularios-solicitud","status":"publish","type":"page","link":"https:\/\/cogiticova.es\/?page_id=1223","title":{"rendered":"Pol\u00edtica de privacidad formularios solicitud"},"content":{"rendered":"<p style=\"text-align: center;\"><span style=\"font-size: 18pt; font-family: helvetica, arial, sans-serif;\"><strong>Pol\u00edtica de Cookies<\/strong><\/span><\/p>\n<p>Esta web no guarda informaci\u00f3n de los usuarios sin su conocimiento, no obstante los enlaces a webs de terceros podr\u00edan disponer de una pol\u00edtica de cookies diferente.<\/p>\n<p>Este apartado est\u00e1 destinado al cumplimiento de las obligaciones previstas en el apartado segundo del art\u00edculo 22 de la Ley 34\/2002, de 11 de julio, de servicios de la sociedad de la informaci\u00f3n y de comercio electr\u00f3nico, (en adelante, LSSI), tras su modificaci\u00f3n por el Real Decreto-ley 13\/2012, de 30 de marzo, por el que se transponen directivas en materia de mercados interiores de electricidad y gas y en materia de comunicaciones electr\u00f3nicas, adem\u00e1s de las obligaciones previstas en el Reglamento(UE) 2016\/679 del Parlamento Europeo y del Consejo, de 27 de abril de 2016, General de Protecci\u00f3n de Datos (en adelante, RGPD) y con la Ley Org\u00e1nica 3\/2018, de 5 de diciembre, de Protecci\u00f3n de Datos y garant\u00eda de los derechos digitales. Nuestro portal puede modificar esta Pol\u00edtica de Cookies con la finalidad de adaptar dicha pol\u00edtica a las instrucciones dictadas por la Agencia Espa\u00f1ola de Protecci\u00f3n de Datos, por lo que se aconseja a los usuarios que la visiten peri\u00f3dicamente.<\/p>\n<p>Seg\u00fan quien sea la entidad que gestione el equipo o dominio desde donde se env\u00edan las cookies y trate los datos que se obtengan, podemos distinguir:<br \/>&#8211; Cookies propias: Son aqu\u00e9llas que se env\u00edan al equipo terminal del usuario desde un equipo o dominio gestionado por el propio editor y desde el que se presta el servicio solicitado por el usuario.<br \/>&#8211; Cookies de terceros: Son aqu\u00e9llas que se env\u00edan al equipo terminal del usuario desde un equipo o dominio que no es gestionado por el editor, sino por otra entidad que trata los datos obtenidos trav\u00e9s de las cookies.<br \/>En el caso de que las cookies sean instaladas desde un equipo o dominio gestionado por el propio editor pero la informaci\u00f3n que se recoja mediante \u00e9stas sea gestionada por un tercero, no pueden ser consideradas como cookies propias.<\/p>\n<p>COOKIES PROPIAS UTILIZADAS EN NUESTRO PORTAL<\/p>\n<p>Esta web no guarda informaci\u00f3n de los usuarios sin su conocimiento, no obstante los enlaces a webs de terceros podr\u00edan disponer de una pol\u00edtica de cookies diferente.<\/p>\n<p>COOKIES DE TERCEROS UTILIZADAS EN NUESTRO PORTAL<\/p>\n<p>Esta web usa cookies propias con finalidad t\u00e9cnica y no guarda informaci\u00f3n de los usuarios sin su conocimiento, no obstante los enlaces a webs de terceros podr\u00edan disponer de una pol\u00edtica de cookies diferente.<\/p>\n<p>GESTI\u00d3N DE COOKIES DESDE SU NAVEGADOR<\/p>\n<p>Cualquier navegador que se ajuste a las especificaciones est\u00e1ndar, permite una configuraci\u00f3n personalizada sobre el uso de las cookies, estando este apartado normalmente en la secci\u00f3n Privacidad dentro de las propiedades de dicho navegador.<\/p>\n<p>CONSENTIMIENTO DE NUESTRA POL\u00cdTICA<\/p>\n<p>Una vez informado sobre nuestra Pol\u00edtica de cookies entendemos que acepta la utilizaci\u00f3n de las cookies.\u00a0 Si contin\u00faa navegando o hace clic en alg\u00fan link se entender\u00e1 que consiente nuestra pol\u00edtica de cookies y, por tanto, la instalaci\u00f3n de las mismas en su equipo o dispositivo. Como indicamos anteriormente, adem\u00e1s del uso de nuestras cookies propias, sitios web de terceros enlazados desde nuestra p\u00e1gina podr\u00edan establecer cookies y acceder a ellas en su ordenador.<\/p>\n<p>\u00a0<\/p>\n<p style=\"text-align: center;\"><span style=\"font-size: 18pt; font-family: helvetica, arial, sans-serif;\"><strong>Pol\u00edtica de Privacidad<\/strong><\/span><\/p>\n<p>Pol\u00edtica de Privacidad (L.O. 3\/2018): los datos personales y la informaci\u00f3n facilitada a trav\u00e9s de este formulario, as\u00ed como los que se originen para su desarrollo, ser\u00e1n tratados por el Consejo de Colegios de Ingenieros T\u00e9cnicos Industriales de la Comunitat Valenciana, incluy\u00e9ndose la gesti\u00f3n administrativa, de correspondencia y dem\u00e1s actividades con fines sociales, corporativas e institucionales. Los datos ser\u00e1n tratados con estricta confidencialidad, y los interesados pueden ejercer cualquiera de los derechos previstos en la legislaci\u00f3n vigente en materia de privacidad, dirigi\u00e9ndose al Consejo de Colegios de Ingenieros T\u00e9cnicos Industriales de la Comunitat Valenciana en Avda. Estaci\u00f3n 5, 03003, Alicante; o bien a trav\u00e9s de email: info@cogiticova.es. Base legitimadora del tratamiento: consentimiento y obligaciones de los estatutos del Consejo. Plazo de retenci\u00f3n: mientras dure la relaci\u00f3n con el interesado\/a, m\u00e1s 10 a\u00f1os.<\/p>\n\n\n<a name=\"informantes_privacidad\"><\/a>\n<p><br><\/p>\n\n\n<p style=\"text-align: center;\"><strong><span style=\"font-family: helvetica, arial, sans-serif; font-size: 18pt;\">Pol\u00edtica privacidad Canal de Protecci\u00f3n del Informante<\/span><\/strong><\/p>\n\n\n<div style=\"text-align: justify;\">\nDe acuerdo con el Reglamento (UE) 2016\/679, del Parlamento Europeo y del Consejo, de 27 de abril, relativo a la protecci\u00f3n de las personas f\u00edsicas en lo que respecta al tratamiento de datos personales y la libre circulaci\u00f3n de estos datos, la Ley org\u00e1nica 3\/2018, de 5 de diciembre, de protecci\u00f3n de datos personales y garant\u00eda de los derechos digitales, la Ley 7\/2021, de 26 de mayo, de protecci\u00f3n de datos personales tratados para fines de prevenci\u00f3n, detecci\u00f3n, investigaci\u00f3n y enjuiciamiento de infracciones penales y de ejecuci\u00f3n de sanciones penales y dem\u00e1s normativa vigente en materia de protecci\u00f3n de datos de car\u00e1cter personal, se le informa de lo siguiente:<br \/>\n<ul>\n    <li>El responsable del tratamiento de sus datos personales es el Consejo de Colegios de Ingenieros T\u00e9cnicos Industriales de la Comunitat Valenciana (COGITICOVA). No obstante, s\u00f3lo tendr\u00e1n acceso a los datos personales contenidos en el sistema de informaci\u00f3n las personas indicadas seg\u00fan el art\u00edculo 32.1 de la Ley 2\/2023, de 20 de febrero, reguladora de la protecci\u00f3n de las personas que informen sobre infracciones normativas y de lucha contra la corrupci\u00f3n.<\/li>\n\n    <li>La finalidad del tratamiento de sus datos personales es la gesti\u00f3n de las actuaciones y tramitaci\u00f3n de las denuncias en el canal de protecci\u00f3n de informantes del Consejo de Colegios de Ingenieros T\u00e9cnicos Industriales de la Comunitat Valenciana.<\/li>\n\n    <li>En cuanto a la legitimaci\u00f3n para el tratamiento de sus datos personales, este es un tratamiento necesario para el cumplimiento de la Ley 2\/2023, de 20 de febrero, reguladora de la protecci\u00f3n de las personas que informen sobre infracciones normativas y de lucha contra la corrupci\u00f3n.<\/li>\n\n<li>El COGITICOVA tratar\u00e1 los posibles datos identificativos y de contacto y todos aquellos datos relacionados que voluntaria y opcionalmente se aporten con la petici\u00f3n.<\/li>\n\n    <li>Sus datos s\u00f3lo podr\u00e1n ser comunicados a la Autoridad judicial, al Ministerio Fiscal o a la autoridad administrativa competente en el marco de una investigaci\u00f3n penal, disciplinaria o sancionadora. En caso de que sus datos tengan que ser comunicados a las instituciones mencionadas, se le informar\u00e1 previamente as\u00ed como los motivos de esta comunicaci\u00f3n. Si ha solicitado que se mantenga reservada y secreta su identidad, s\u00f3lo podr\u00e1n ser comunicados a las autoridades judiciales (art. 33.3 de la Ley 2\/2023, de 20 de febrero, reguladora de la protecci\u00f3n de las personas que informen sobre infracciones normativas y de lucha contra la corrupci\u00f3n).<\/li>\n\n    <li>Sus datos se tratan en el marco de la actividad de tratamiento &#8220;Canal de Protecci\u00f3n de Informantes&#8221; prevista en el Registro de actividades de tratamiento del Consejo de Colegios de Ingenieros T\u00e9cnicos Industriales de la Comunitat Valenciana.<\/li>\n\n    <li>Los datos personales proporcionados relativos a las informaciones recibidas y a las investigaciones internas s\u00f3lo se conservar\u00e1n mientras no se solicite su supresi\u00f3n por el\/la interesado\/a, y mientras sean necesarios -incluyendo la necesidad de conservarlos durante los plazos de prescripci\u00f3n aplicables- o pertinentes a efectos de cumplir con la Ley 2\/2023, de 20 de febrero, reguladora de la protecci\u00f3n de las personas que informen sobre infracciones normativas y de lucha contra la corrupci\u00f3n. En particular, se tendr\u00e1 en cuenta lo previsto en los apartados 3 y 4 del art\u00edculo 32 de dicha Ley. En ning\u00fan caso podr\u00e1n conservarse los datos por un per\u00edodo superior a diez a\u00f1os.<\/li>\n\n    <li>No se recopilar\u00e1n datos personales cuya pertinencia no resulte manifiesta para tratar una informaci\u00f3n espec\u00edfica o, si se recopilan por accidente, se eliminar\u00e1n sin dilaci\u00f3n indebida.<\/li>\n\n    <li>No est\u00e1 prevista la transferencia internacional de los datos para este tratamiento.<\/li>\n\n    <li>En el caso de que proceda, podr\u00e1 en todo momento ejercitar sus derechos de acceso, rectificaci\u00f3n, cancelaci\u00f3n y oposici\u00f3n seg\u00fan lo previsto en los art\u00edculos 15 y siguientes del Reglamento (UE) 2016\/679, del 27 de abril, ante el Consejo de Colegios de Ingenieros T\u00e9cnicos Industriales de la Comunitat Valenciana, remitiendo solicitud por escrito a la direcci\u00f3n: Avenida de la Estaci\u00f3n, 5 entlo. 03003 Alicante (Espa\u00f1a), o bien por correo electr\u00f3nico a la direcci\u00f3n info@cogiticova.es<\/li>\n<\/ul>\n\n<br \/>\n\n<a name=\"informantes_ambito\"><span ><\/a><strong>\u00c1MBITO MATERIAL DE APLICACI\u00d3N<\/strong><\/span><br \/>\n\n<ul>\n<li>Cualesquiera acciones u omisiones que puedan constituir infracciones del Derecho de la Uni\u00f3n Europea.<\/li>\n<li>Acciones u omisiones que puedan ser constitutivas de infracci\u00f3n penal o administrativa grave o muy grave. En todo caso, se entender\u00e1n comprendidas todas aquellas infracciones penales o administrativas graves o muy graves que impliquen quebranto econ\u00f3mico para la Hacienda P\u00fablica y para la Seguridad Social.<\/li>\n<\/ul>\n<br \/>\n\n<a name=\"informantes_denuncia\"><\/a><span ><strong>\u00bfC\u00d3MO PUEDO PRESENTAR UNA DENUNCIA?<\/strong><\/a><\/span><br \/>\n<ul>\nPor Internet, mediante el <a href=\"https:\/\/cogiticova.es\/?page_id=380#canal_proteccion_informante\">Canal de protecci\u00f3n del informante del Consejo de Colegios de Ingenieros T\u00e9cnicos Industriales de la Comunitat Valenciana<\/a>, el cual garantiza el anonimato.\n<\/ul>\n\t<br \/>\n\t\n<a name=\"informantes_responsable\"><\/a><span ><strong>RESPONSABLE DEL SISTEMA<\/strong><\/span><br \/>\n<ul>\n<li>El responsable del sistema ser\u00e1 un \u00f3rgano colegiado nombrado al efecto por la Junta de Gobierno. \u00c9ste deber\u00e1 delegar en uno de sus miembros las facultades de gesti\u00f3n del sistema interno de informaci\u00f3n y de tramitaci\u00f3n de expedientes de investigaci\u00f3n.<\/li><li>Tanto el nombramiento como el cese de la persona f\u00edsica individualmente designada, as\u00ed como de las integrantes del \u00f3rgano colegiado deber\u00e1n ser notificados a la Autoridad Independiente de Protecci\u00f3n del Informante, A.A.I., o, en su caso, a las autoridades u \u00f3rganos competentes de las comunidades aut\u00f3nomas, en el \u00e1mbito de sus respectivas competencias, en el plazo de los diez d\u00edas h\u00e1biles siguientes, especificando, en el caso de su cese, las razones que han justificado el mismo.<\/li>\n<\/ul>\n\t<br \/>\n\n<a name=\"informantes_principios\"><\/a><span ><\/span><span ><strong>PRINCIPIOS GENERALES DEL CANAL<\/strong><\/span>\n<ul>\n<li>La comunicaci\u00f3n enviada se tratar\u00e1 de manera an\u00f3nima y efectiva dentro del COGITICOVA con el objetivo de que sea la entidad la primera en conocer la posible irregularidad.<\/li>\n<li>Se exige en todas las comunicaciones el debido respeto a la presunci\u00f3n de inocencia y al honor de las personas afectadas.<\/li>\n<li> Se respetar\u00e1n las disposiciones sobre protecci\u00f3n de datos personales.<\/li>\n<li> En caso de que los hechos pudieran ser indiciariamente constitutivos de delito se remitir\u00e1 la informaci\u00f3n al Ministerio Fiscal con car\u00e1cter inmediato. En el caso de que los hechos afecten a los intereses financieros de la Uni\u00f3n Europea, se remitir\u00e1 a la Fiscal\u00eda Europea.<\/li>\n<li>Los datos personales relativos a las informaciones recibidas y a las investigaciones internas a que se refiere el apartado anterior solo se conservar\u00e1n durante el per\u00edodo que sea necesario y proporcionado a efectos de cumplir con esta ley. En particular, se tendr\u00e1 en cuenta lo previsto en los apartados 3 y 4 del art\u00edculo 32. En ning\u00fan caso podr\u00e1n conservarse los datos por un per\u00edodo superior a diez a\u00f1os.<\/li>\n<li> Las condiciones para acogerse a la protecci\u00f3n previstas en esta Ley 2\/2023 no ser\u00e1n exigibles cuando la persona haya revelado informaci\u00f3n directamente a la prensa con arreglo al ejercicio de la libertad de expresi\u00f3n y de informaci\u00f3n veraz previstas constitucionalmente y en su legislaci\u00f3n de desarrollo.<\/li>\n<li> Los tratamientos de datos personales que deriven de la aplicaci\u00f3n de esta ley se regir\u00e1n por lo dispuesto en el Reglamento (UE) 2016\/679 del Parlamento Europeo y del Consejo, de 27 de abril de 2016, en la Ley Org\u00e1nica 3\/2018, de 5 de diciembre, de Protecci\u00f3n de Datos Personales y garant\u00eda de los derechos digitales, en la Ley Org\u00e1nica 7\/2021, de 26 de mayo, de protecci\u00f3n de datos personales tratados para fines de prevenci\u00f3n, detecci\u00f3n, investigaci\u00f3n y enjuiciamiento de infracciones penales y de ejecuci\u00f3n de sanciones penales, y en el presente t\u00edtulo.<\/li>\n<li> No se recopilar\u00e1n datos personales cuya pertinencia no resulte manifiesta para tratar una informaci\u00f3n espec\u00edfica o, si se recopilan por accidente, se eliminar\u00e1n sin dilaci\u00f3n indebida.<\/li>\n<li> La identidad del informante solo podr\u00e1 ser comunicada a la Autoridad judicial, al Ministerio Fiscal o a la autoridad administrativa competente en el marco de una investigaci\u00f3n penal, disciplinaria o sancionadora.<\/li>\n<\/ul>\n<br \/>\n\n\n\n<a name=\"informantes_procedimiento\"><\/a><span ><\/span><span ><strong>PROCEDIMIENTO DE GESTI\u00d3N DE LAS INFORMACIONES RECIBIDAS<\/strong><\/span><br \/>\n\n\n<ul>\n<li>El COITIA cuenta con un Libro-Registro de las informaciones recibidas y de las investigaciones internas a que hayan tenido lugar, garantizando, en todo caso, los requisitos de confidencialidad previstos en esta Ley.<\/li> \n\n<li>El canal interno permitir\u00e1 realizar comunicaciones por escrito. <\/li>\n\n<li>A solicitud del informante, tambi\u00e9n podr\u00e1 presentarse mediante una reuni\u00f3n presencial dentro del plazo m\u00e1ximo de siete d\u00edas. En su caso, se advertir\u00e1 al informante de que la comunicaci\u00f3n ser\u00e1 grabada y se le informar\u00e1 del tratamiento de sus datos de acuerdo a lo que establece el Reglamento (UE) 2016\/679 del Parlamento Europeo y del Consejo, de 27 de abril de 2016.<\/li>\n\n<li>Al hacer la comunicaci\u00f3n, el informante podr\u00e1 indicar un domicilio, correo electr\u00f3nico o lugar seguro a efectos de recibir comunicaciones.<\/li>\n\n<li>En caso de haber aportado voluntariamente datos de contacto como se indica en el punto anterior, se enviar\u00e1 un acuse de recibo de la comunicaci\u00f3n al informante, en el plazo de siete d\u00edas naturales siguientes a su recepci\u00f3n, salvo que ello pueda poner en peligro la confidencialidad de la comunicaci\u00f3n.<\/li>\n\n<li>El plazo m\u00e1ximo para dar respuesta a las actuaciones de investigaci\u00f3n ser\u00e1 de 3 meses contados desde el acuse de recibo. En casos de especial complejidad se extender\u00e1 hasta otros 3 meses adicionales.<\/li>\n\n<li>Se podr\u00e1 solicitar informaci\u00f3n adicional al informante.<\/li>\n\n<li>A los informantes y a quienes lleven a cabo una revelaci\u00f3n p\u00fablica se les informar\u00e1, adem\u00e1s, de forma expresa, de que su identidad ser\u00e1 en todo caso reservada, que no se comunicar\u00e1 a las personas a las que se refieren los hechos relatados ni a terceros.<\/li>\n\n\n<\/ul>\n\n\n\t<br \/>\n<a name=\"informantes_canales\"><\/a><span ><strong>CANALES EXTERNOS DE INFORMACI\u00d3N<\/strong><\/span><br \/>\n<ul>\n<li>Autoridad Independiente de Protecci\u00f3n del Informante, A.A.I. (pendiente constituci\u00f3n)<\/li>\n<li>Agencia Valenciana Antifraude <a href=\"https:\/\/www.antifraucv.es\/\">https:\/\/www.antifraucv.es\/<\/a> Email: <a href=\"mailto:web@antifraucv.es\">web@antifraucv.es<\/a> Direcci\u00f3n postal: Calle Navellos, 14, puerta 3, 46003 Val\u00e8ncia (Espa\u00f1a) Tel. +34 962787450<\/li>\n\n<\/ul>\n\n<br \/><br \/>\n<\/div>\n","protected":false},"excerpt":{"rendered":"<p>Pol\u00edtica de Cookies Esta web no guarda informaci\u00f3n de los usuarios sin su conocimiento, no obstante los enlaces a webs de terceros podr\u00edan disponer de una pol\u00edtica de cookies diferente. Este apartado est\u00e1 destinado al cumplimiento de las obligaciones previstas en el apartado segundo del art\u00edculo 22 de la Ley 34\/2002, de 11 de julio,Leer m\u00e1s<\/p>\n","protected":false},"author":1,"featured_media":0,"parent":0,"menu_order":0,"comment_status":"closed","ping_status":"closed","template":"","meta":[],"_links":{"self":[{"href":"https:\/\/cogiticova.es\/index.php?rest_route=\/wp\/v2\/pages\/1223"}],"collection":[{"href":"https:\/\/cogiticova.es\/index.php?rest_route=\/wp\/v2\/pages"}],"about":[{"href":"https:\/\/cogiticova.es\/index.php?rest_route=\/wp\/v2\/types\/page"}],"author":[{"embeddable":true,"href":"https:\/\/cogiticova.es\/index.php?rest_route=\/wp\/v2\/users\/1"}],"replies":[{"embeddable":true,"href":"https:\/\/cogiticova.es\/index.php?rest_route=%2Fwp%2Fv2%2Fcomments&post=1223"}],"version-history":[{"count":21,"href":"https:\/\/cogiticova.es\/index.php?rest_route=\/wp\/v2\/pages\/1223\/revisions"}],"predecessor-version":[{"id":2368,"href":"https:\/\/cogiticova.es\/index.php?rest_route=\/wp\/v2\/pages\/1223\/revisions\/2368"}],"wp:attachment":[{"href":"https:\/\/cogiticova.es\/index.php?rest_route=%2Fwp%2Fv2%2Fmedia&parent=1223"}],"curies":[{"name":"wp","href":"https:\/\/api.w.org\/{rel}","templated":true}]}}