{"id":1562,"date":"2022-09-27T08:29:52","date_gmt":"2022-09-27T08:29:52","guid":{"rendered":"https:\/\/cogiticova.es\/?page_id=1562"},"modified":"2022-11-21T10:33:00","modified_gmt":"2022-11-21T10:33:00","slug":"jornada-ingenieria-para-la-seguridad-industrial-en-sectores-productivos-sector-del-marmol","status":"publish","type":"page","link":"https:\/\/cogiticova.es\/?page_id=1562","title":{"rendered":"JORNADA INGENIER\u00cdA PARA LA SEGURIDAD INDUSTRIAL EN SECTORES PRODUCTIVOS &#8211; SECTOR DEL M\u00c1RMOL"},"content":{"rendered":"\n<p><strong>FECHA:&nbsp;Viernes 28 de octubre de 2022, 9:45h<\/strong><\/p>\n\n\n\n<p style=\"font-size:15px\"><strong>LUGAR:&nbsp; M\u00e1rmol de Alicante, Asociaci\u00f3n de la Comunidad Valenciana. Paseo de los Molinos n\u00ba 21, Novelda<\/strong><\/p>\n\n\n\n<ul><li><strong><a href=\"https:\/\/cogiticova.es\/wp-content\/uploads\/2022\/11\/Presentacion_seguridad_industrial_sectores.pdf\">DESCARGAR PRESENTACI\u00d3N GENERAL<\/a><\/strong><\/li><li><strong><a href=\"https:\/\/cogiticova.es\/wp-content\/uploads\/2022\/11\/Presentacion_jornada_seguridad_industrial_sector_marmol.pdf\">DESCARGAR PRESENTACI\u00d3N CENTRO TECNOL\u00d3GICO M\u00c1RMOL PIEDRA Y MATERIALES<\/a><\/strong><\/li><\/ul>\n\n\n\n<p>Un a\u00f1o m\u00e1s, la Generalitat Valenciana, a trav\u00e9s de la Conseller\u00eda de Econom\u00eda Sostenible, Sectores Productivos, Comercio y Trabajo apuesta por la Campa\u00f1a de difusi\u00f3n y sensibilizaci\u00f3n de la Seguridad Industrial en el territorio de la Comunitat Valenciana. El Plan de acci\u00f3n para la promoci\u00f3n de la seguridad industrial desarrollado en 2022 da continuidad a las campa\u00f1as realizadas en los ejercicios 2018, 2019, 2020 y 2021 cuyo objetivo ha sido la prevenci\u00f3n y limitaci\u00f3n de riesgos que la actividad industrial pudiera generar a las personas, flora, fauna, bienes o al medio ambiente, as\u00ed como el establecimiento de mecanismos que permitan conocer en tiempo real, el cumplimiento de requisitos reglamentarios para garantizar un seguro, adecuado y correcto funcionamiento de las instalaciones sometidas a la seguridad industrial. <\/p>\n\n\n\n<p>Se trata de una Jornada entorno a concienciar sobre la importancia de la Seguridad Industrial: su percepci\u00f3n como motor econ\u00f3mico y de mejora de la calidad en la prestaci\u00f3n de los servicios de las empresas, como generadora tambi\u00e9n de innovaci\u00f3n y de sostenibilidad. Esta Jornada se enmarca en el Plan de Acci\u00f3n para la Promoci\u00f3n de la Seguridad Industrial 2022 y forma parte de la Campa\u00f1a \u201cS\u00ed Seguridad Industrial\u201d que se inici\u00f3 en el a\u00f1o 2018 por la Conselleria de Econom\u00eda Sostenible, Sectores Productivos, Comercio y Trabajo.<\/p>\n\n\n\n<div class=\"wp-block-buttons\">\n<div class=\"wp-block-button has-custom-width wp-block-button__width-100 is-style-fill\"><a class=\"wp-block-button__link has-white-color has-vivid-cyan-blue-background-color has-text-color has-background\" href=\"https:\/\/www.coitialicante.es\/index.php\/cogiticova?servicio=acontecimiento_ver&amp;id=2312\"><strong>INSCRIPCI\u00d3N CERRADA<\/strong><\/a><\/div>\n<\/div>\n\n\n\n<figure class=\"wp-block-image size-large is-resized\"><img loading=\"lazy\" src=\"https:\/\/cogiticova.es\/wp-content\/uploads\/2022\/09\/COGITICOVA_Programa_Sector_MARMOL_v2-724x1024.jpg\" alt=\"\" class=\"wp-image-1595\" width=\"840\" height=\"1188\" srcset=\"https:\/\/cogiticova.es\/wp-content\/uploads\/2022\/09\/COGITICOVA_Programa_Sector_MARMOL_v2-724x1024.jpg 724w, https:\/\/cogiticova.es\/wp-content\/uploads\/2022\/09\/COGITICOVA_Programa_Sector_MARMOL_v2-212x300.jpg 212w, https:\/\/cogiticova.es\/wp-content\/uploads\/2022\/09\/COGITICOVA_Programa_Sector_MARMOL_v2-768x1086.jpg 768w, https:\/\/cogiticova.es\/wp-content\/uploads\/2022\/09\/COGITICOVA_Programa_Sector_MARMOL_v2-1086x1536.jpg 1086w, https:\/\/cogiticova.es\/wp-content\/uploads\/2022\/09\/COGITICOVA_Programa_Sector_MARMOL_v2.jpg 1190w\" sizes=\"(max-width: 840px) 100vw, 840px\" \/><\/figure>\n\n\n\n<p><strong><a href=\"https:\/\/cogiticova.es\/wp-content\/uploads\/2022\/09\/COGITICOVA_Programa_Sector_MARMOL_v2.pdf\">DESCARGAR PROGRAMA<\/a><\/strong><\/p>\n","protected":false},"excerpt":{"rendered":"<p>FECHA:&nbsp;Viernes 28 de octubre de 2022, 9:45h LUGAR:&nbsp; M\u00e1rmol de Alicante, Asociaci\u00f3n de la Comunidad Valenciana. Paseo de los Molinos n\u00ba 21, Novelda DESCARGAR PRESENTACI\u00d3N GENERAL DESCARGAR PRESENTACI\u00d3N CENTRO TECNOL\u00d3GICO M\u00c1RMOL PIEDRA Y MATERIALES Un a\u00f1o m\u00e1s, la Generalitat Valenciana, a trav\u00e9s de la Conseller\u00eda de Econom\u00eda Sostenible, Sectores Productivos, Comercio y Trabajo apuesta porLeer m\u00e1s<\/p>\n","protected":false},"author":1,"featured_media":1594,"parent":0,"menu_order":0,"comment_status":"closed","ping_status":"closed","template":"","meta":[],"_links":{"self":[{"href":"https:\/\/cogiticova.es\/index.php?rest_route=\/wp\/v2\/pages\/1562"}],"collection":[{"href":"https:\/\/cogiticova.es\/index.php?rest_route=\/wp\/v2\/pages"}],"about":[{"href":"https:\/\/cogiticova.es\/index.php?rest_route=\/wp\/v2\/types\/page"}],"author":[{"embeddable":true,"href":"https:\/\/cogiticova.es\/index.php?rest_route=\/wp\/v2\/users\/1"}],"replies":[{"embeddable":true,"href":"https:\/\/cogiticova.es\/index.php?rest_route=%2Fwp%2Fv2%2Fcomments&post=1562"}],"version-history":[{"count":14,"href":"https:\/\/cogiticova.es\/index.php?rest_route=\/wp\/v2\/pages\/1562\/revisions"}],"predecessor-version":[{"id":1669,"href":"https:\/\/cogiticova.es\/index.php?rest_route=\/wp\/v2\/pages\/1562\/revisions\/1669"}],"wp:featuredmedia":[{"embeddable":true,"href":"https:\/\/cogiticova.es\/index.php?rest_route=\/wp\/v2\/media\/1594"}],"wp:attachment":[{"href":"https:\/\/cogiticova.es\/index.php?rest_route=%2Fwp%2Fv2%2Fmedia&parent=1562"}],"curies":[{"name":"wp","href":"https:\/\/api.w.org\/{rel}","templated":true}]}}