{"id":380,"date":"2018-10-23T11:30:29","date_gmt":"2018-10-23T11:30:29","guid":{"rendered":"http:\/\/cogiticova.es\/?page_id=380"},"modified":"2023-10-27T11:03:09","modified_gmt":"2023-10-27T11:03:09","slug":"portal-de-transparencia","status":"publish","type":"page","link":"https:\/\/cogiticova.es\/?page_id=380","title":{"rendered":"PORTAL DE TRANSPARENCIA COGITICOVA"},"content":{"rendered":"<p style=\"text-align: center;\"><span style=\"font-family: helvetica, arial, sans-serif; font-size: 18pt;\"><strong>AYUDAS, CONVENIOS Y SUBVENCIONES<\/strong><\/span><\/p>\n<p style=\"text-align: center;\"><span style=\"text-decoration: underline;\"><span style=\"font-family: helvetica, arial, sans-serif; font-size: 18pt;\"><strong>2023<\/strong><\/span><\/span><\/p>\n<table width=\"840\">\n<tbody>\n<tr>\n<td width=\"168\"><strong>Tipo:\u00a0<\/strong><\/td>\n<td width=\"672\"><strong>SUBVENCI\u00d3N<\/strong><\/td>\n<\/tr>\n<tr>\n<td width=\"168\"><strong>\u00d3rgano concedente:<\/strong><\/td>\n<td width=\"672\"><strong>CONSELLER\u00cdA DE ECONOMIA SOSTENIBLE, SECTORES PRODUCTIVOS, COMERCIO Y TRABAJO<\/strong><\/td>\n<\/tr>\n<tr>\n<td width=\"168\"><strong>Documento:<\/strong><\/td>\n<td width=\"672\"><strong>RESOLUCI\u00d3N del Conseller<\/strong><\/td>\n<\/tr>\n<tr>\n<td width=\"168\"><strong>Objeto:<\/strong><\/td>\n<td width=\"672\"><strong>Actuaciones dirigidas al fomento de la seguridad industrial en la Comunitat Valenciana.<\/strong><\/td>\n<\/tr>\n<tr>\n<td width=\"168\"><strong>Fecha:\u00a0<\/strong><\/td>\n<td width=\"672\"><strong>29\/04\/2022<\/strong><\/td>\n<\/tr>\n<tr>\n<td width=\"168\"><strong>Duraci\u00f3n:<\/strong><\/td>\n<td width=\"672\"><strong>2023<\/strong><\/td>\n<\/tr>\n<tr>\n<td width=\"168\"><strong>Importe:<\/strong><\/td>\n<td width=\"672\"><strong>50.000 \u20ac<\/strong><\/td>\n<\/tr>\n<tr>\n<td width=\"168\"><strong>Programa<\/strong><\/td>\n<td width=\"672\"><strong>722.20<\/strong><\/td>\n<\/tr>\n<tr>\n<td width=\"168\"><strong>L\u00ednea nominativa<\/strong><\/td>\n<td width=\"672\"><strong>S0375000<\/strong><\/td>\n<\/tr>\n<\/tbody>\n<\/table>\n<p style=\"text-align: center;\"><span style=\"text-decoration: underline;\"><span style=\"font-size: 18pt; font-family: helvetica, arial, sans-serif;\"><strong>2022<\/strong><\/span><\/span><\/p>\n<table width=\"840\">\n<tbody>\n<tr>\n<td width=\"168\"><strong>Tipo:\u00a0<\/strong><\/td>\n<td width=\"672\"><strong>SUBVENCI\u00d3N<\/strong><\/td>\n<\/tr>\n<tr>\n<td width=\"168\"><strong>\u00d3rgano concedente:<\/strong><\/td>\n<td width=\"672\"><strong>CONSELLER\u00cdA DE ECONOMIA SOSTENIBLE, SECTORES PRODUCTIVOS, COMERCIO Y TRABAJO<\/strong><\/td>\n<\/tr>\n<tr>\n<td width=\"168\"><strong>Documento:<\/strong><\/td>\n<td width=\"672\"><strong>RESOLUCI\u00d3N del Conseller<\/strong><\/td>\n<\/tr>\n<tr>\n<td width=\"168\"><strong>Objeto:<\/strong><\/td>\n<td width=\"672\"><strong>Actuaciones dirigidas al fomento de la seguridad industrial en la Comunitat Valenciana.<\/strong><\/td>\n<\/tr>\n<tr>\n<td width=\"168\"><strong>Fecha:\u00a0<\/strong><\/td>\n<td width=\"672\"><strong>29\/04\/2022<\/strong><\/td>\n<\/tr>\n<tr>\n<td width=\"168\"><strong>Duraci\u00f3n:<\/strong><\/td>\n<td width=\"672\"><strong>2022<\/strong><\/td>\n<\/tr>\n<tr>\n<td width=\"168\"><strong>Importe:<\/strong><\/td>\n<td width=\"672\"><strong>50.000 \u20ac<\/strong><\/td>\n<\/tr>\n<tr>\n<td width=\"168\"><strong>Programa<\/strong><\/td>\n<td width=\"672\"><strong>722.20<\/strong><\/td>\n<\/tr>\n<tr>\n<td width=\"168\"><strong>L\u00ednea nominativa<\/strong><\/td>\n<td width=\"672\"><strong>S0375000<\/strong><\/td>\n<\/tr>\n<\/tbody>\n<\/table>\n<p style=\"text-align: center;\"><span style=\"text-decoration: underline;\"><span style=\"font-family: helvetica, arial, sans-serif;\"><strong><span style=\"font-size: 18pt;\">2021<\/span><\/strong><\/span><\/span><\/p>\n<table width=\"840\">\n<tbody>\n<tr>\n<td width=\"168\"><strong>Tipo:\u00a0<\/strong><\/td>\n<td width=\"672\"><strong>SUBVENCI\u00d3N<\/strong><\/td>\n<\/tr>\n<tr>\n<td width=\"168\"><strong>\u00d3rgano concedente:<\/strong><\/td>\n<td width=\"672\"><strong>CONSELLER\u00cdA DE ECONOMIA SOSTENIBLE, SECTORES PRODUCTIVOS, COMERCIO Y TRABAJO<\/strong><\/td>\n<\/tr>\n<tr>\n<td width=\"168\"><strong>Documento:<\/strong><\/td>\n<td width=\"672\"><strong>RESOLUCI\u00d3N del Conseller<\/strong><\/td>\n<\/tr>\n<tr>\n<td width=\"168\"><strong>Objeto:<\/strong><\/td>\n<td width=\"672\"><strong>Actuaciones dirigidas al fomento de la seguridad industrial en la Comunitat Valenciana.<\/strong><\/td>\n<\/tr>\n<tr>\n<td width=\"168\"><strong>Fecha:\u00a0<\/strong><\/td>\n<td width=\"672\"><strong>21\/07\/2021<\/strong><\/td>\n<\/tr>\n<tr>\n<td width=\"168\"><strong>Duraci\u00f3n:<\/strong><\/td>\n<td width=\"672\"><strong>2021<\/strong><\/td>\n<\/tr>\n<tr>\n<td width=\"168\"><strong>Importe:<\/strong><\/td>\n<td width=\"672\"><strong>50.000 \u20ac<\/strong><\/td>\n<\/tr>\n<tr>\n<td width=\"168\"><strong>Programa<\/strong><\/td>\n<td width=\"672\"><strong>722.20<\/strong><\/td>\n<\/tr>\n<tr>\n<td width=\"168\"><strong>L\u00ednea nominativa<\/strong><\/td>\n<td width=\"672\"><strong>S0375000<\/strong><\/td>\n<\/tr>\n<\/tbody>\n<\/table>\n\n\n<a name=\"propuestas\"><\/a>\n<p><br><\/p>\n\n\n<p style=\"text-align: center;\"><span style=\"font-size: 18pt; font-family: helvetica, arial, sans-serif;\"><strong>PROPUESTAS, QUEJAS O RECLAMACIONES<\/strong><\/span><\/p>\n\n\n<div>\n\t<div style=\"list-style:none;    background: #e9e9e9;\n    color: #000;\n    counter-increment: myCounter;\n    margin: 25px;\n    padding: 10px;\n    position: relative;\n    top: 1em;\">\t\n\t\t<ol>\n\t\t\t<li>Para ejercer su derecho a reclamaci\u00f3n, <a style=\"color:#4966bf;\" href=\"https:\/\/cogiticova.es\/wp-content\/uploads\/2023\/06\/PROPUESTA_QUEJAS.doc\" target=\"_blank\" rel=\"noopener\"><strong>rellene el formulario de Propuesta, Queja o Reclamaci\u00f3n<\/strong><\/a>, y f\u00edrmelo digitalmente con una <a style=\"color:#4966bf;\" href=\"https:\/\/firmaelectronica.gob.es\/Home\/Descargas.html\" target=\"_blank\" rel=\"noopener\"><strong>aplicaci\u00f3n de firma.<\/strong><\/a>\n\t\t\t<\/li>\n\t\t\t<li>Env\u00ede todo al correo electr\u00f3nico <b>info@cogiticova.es<\/b>. Si procede, se comunicar\u00e1 al usuario el estado de la resoluci\u00f3n en un plazo de 15-30 d\u00edas.\n\t\t\t<\/li>\n\t\t<\/ol>\n\t<\/div>\n\t<div style=\"border-radius: 5px;\n    background-color: #c1d3e7;\n    color: #7e8edf;\n    padding: 15px;\n    margin: 15px;\">\n\t\t<div style=\"text-align: justify;\">\n\t        <b>Servicio de atenci\u00f3n al consumidor, seg\u00fan <a style=\"color:#4966bf;\" href=\"https:\/\/www.boe.es\/buscar\/doc.php?id=BOE-A-2009-20725\">Art\u00edculo 12 Ley 25\/2009, de 22 de diciembre.<\/a><\/b>\n\t\t<\/div>\n\t<\/div>\n\t<br>\n<\/div>\n\n\n\n<a name=\"canal_proteccion_informante\"><\/a>\n<p><br><\/p>\n\n\n<p style=\"text-align: center;\"><span style=\"font-size: 18pt;\"><strong><span style=\"font-family: helvetica, arial, sans-serif;\">CANAL DE PROTECCI\u00d3N DEL INFORMANTE<\/span><\/strong><\/span><\/p>\n\n\n<table style=\"width: 100%;text-align: center;\">\n<tbody>\n<tr>\n<td style=\"text-align: center; padding-left: 5%; padding-right: 5%; padding-top: 50px;\"><img src=\"https:\/\/cogiticova.es\/wp-content\/uploads\/2023\/06\/institucion.png\" alt=\"\"><\/td>\n<td style=\"text-align: center; padding-left: 5%; padding-right: 5%; padding-top: 50px;\"><img src=\"https:\/\/cogiticova.es\/wp-content\/uploads\/2023\/06\/formulario.png\" alt=\"\"><\/td>\n<td style=\"text-align: center; padding-left: 5%; padding-right: 5%; padding-top: 50px;\"><img src=\"https:\/\/cogiticova.es\/wp-content\/uploads\/2023\/06\/verificacion.png\" alt=\"\"><\/td>\n<\/tr>\n<tr>\n<td style=\"color: black;text-align: center; padding-left: 5%; padding-right: 5%; padding-top: 50px;\">La presentaci\u00f3n de una denuncia ante COGITICOVA no est\u00e1 sujeta a ninguna formalidad. Por lo tanto, el uso de este formulario no es obligatorio. Cualquier denuncia recibida, con independencia de su formato, ser\u00e1 tramitada debidamente.<\/td>\n<td style=\"color: black;text-align: center; padding-left: 5%; padding-right: 5%; padding-top: 50px;\">Este formulario le guiar\u00e1 en la redacci\u00f3n de su denuncia, le facilitar\u00e1 informaci\u00f3n relevante para saber si puede dar lugar a una investigaci\u00f3n, y permitir\u00e1 al COGITICOVA conocer informaci\u00f3n \u00fatil para agilizar su tramitaci\u00f3n.<\/td>\n<td style=\"color: black;text-align: center; padding-left: 5%; padding-right: 5%; padding-top: 50px;\">Ninguno de los campos previstos en este formulario son obligatorios exceptuando la propia redacci\u00f3n de los hechos. Su denuncia ser\u00e1 evaluada en todo caso; sin embargo, cuanto m\u00e1s informaci\u00f3n y documentaci\u00f3n relevante facilite, m\u00e1s eficiente ser\u00e1 la tramitaci\u00f3n.<\/td>\n<\/tr>\n<tr>\n<td style=\"text-align: center; padding-left: 5%; padding-right: 5%; padding-top: 50px;\">&nbsp;<\/td>\n<td style=\"text-align: center; padding-left: 5%; padding-right: 5%; padding-top: 50px;\"><a href=\"https:\/\/www.coitialicante.es\/index.php\/cogiticova?servicio=informante_consejo\"> <button style=\"border: 0; border-radius: 5px; background: #272f47; padding: 20px; margin: 10px; color: white;\">Formulario de asistencia para presentaci\u00f3n de denuncias<\/button> <\/a><br><br><br>\n<\/td>\n<\/tr>\n<\/tbody>\n<\/table>\n<div style=\"\n    text-align: center;\n    border-radius: 5px;\n    background-color: #c1d3e7;\n    color: #7e8edf;\n    padding: 3px;\n    \"><br> <a style=\"color:#646464;\" href=\"https:\/\/cogiticova.es\/?page_id=1223#informantes_ambito\">\u00c1mbito material de aplicaci\u00f3n<\/a><br><br> <a style=\"color:#646464;\" href=\"https:\/\/cogiticova.es\/?page_id=1223#informantes_denuncia\">\u00bfC\u00f3mo puedo presentar una denuncia?<\/a><br><br> <a style=\"color:#646464;\" href=\"https:\/\/cogiticova.es\/?page_id=1223#informantes_responsable\">Responsable del sistema<\/a><br><br> <a style=\"color:#646464;\" href=\"https:\/\/cogiticova.es\/?page_id=1223#informantes_principios\">Principios generales del canal<\/a><br><br> <a style=\"color:#646464;\" href=\"https:\/\/cogiticova.es\/?page_id=1223#informantes_procedimiento\">Procedimiento de gesti\u00f3n de las informaciones recibidas<\/a><br><br> <a style=\"color:#646464;\" href=\"https:\/\/cogiticova.es\/?page_id=1223#informantes_canales\">Canales externos de informaci\u00f3n<\/a><br><br><\/div>\n<div>&nbsp;<\/div>\n<div>&nbsp;<\/div>\n\n\n<p style=\"text-align: center;\"><span style=\"font-size: 10pt;\">Portal de Transparencia de acuerdo a la Ley 1\/2022, de 13 de abril, de Transparencia y Buen Gobierno de la Comunitat Valenciana<\/span><img loading=\"lazy\" class=\"alignnone size-full wp-image-1755\" src=\"https:\/\/cogiticova.es\/wp-content\/uploads\/2023\/06\/logo_gva.png\" alt=\"\" width=\"285\" height=\"169\"><\/p>","protected":false},"excerpt":{"rendered":"<p>AYUDAS, CONVENIOS Y SUBVENCIONES 2023 Tipo:\u00a0 SUBVENCI\u00d3N \u00d3rgano concedente: CONSELLER\u00cdA DE ECONOMIA SOSTENIBLE, SECTORES PRODUCTIVOS, COMERCIO Y TRABAJO Documento: RESOLUCI\u00d3N del Conseller Objeto: Actuaciones dirigidas al fomento de la seguridad industrial en la Comunitat Valenciana. Fecha:\u00a0 29\/04\/2022 Duraci\u00f3n: 2023 Importe: 50.000 \u20ac Programa 722.20 L\u00ednea nominativa S0375000 2022 Tipo:\u00a0 SUBVENCI\u00d3N \u00d3rgano concedente: CONSELLER\u00cdA DE ECONOMIALeer m\u00e1s<\/p>\n","protected":false},"author":1,"featured_media":0,"parent":0,"menu_order":0,"comment_status":"closed","ping_status":"closed","template":"","meta":[],"_links":{"self":[{"href":"https:\/\/cogiticova.es\/index.php?rest_route=\/wp\/v2\/pages\/380"}],"collection":[{"href":"https:\/\/cogiticova.es\/index.php?rest_route=\/wp\/v2\/pages"}],"about":[{"href":"https:\/\/cogiticova.es\/index.php?rest_route=\/wp\/v2\/types\/page"}],"author":[{"embeddable":true,"href":"https:\/\/cogiticova.es\/index.php?rest_route=\/wp\/v2\/users\/1"}],"replies":[{"embeddable":true,"href":"https:\/\/cogiticova.es\/index.php?rest_route=%2Fwp%2Fv2%2Fcomments&post=380"}],"version-history":[{"count":105,"href":"https:\/\/cogiticova.es\/index.php?rest_route=\/wp\/v2\/pages\/380\/revisions"}],"predecessor-version":[{"id":2304,"href":"https:\/\/cogiticova.es\/index.php?rest_route=\/wp\/v2\/pages\/380\/revisions\/2304"}],"wp:attachment":[{"href":"https:\/\/cogiticova.es\/index.php?rest_route=%2Fwp%2Fv2%2Fmedia&parent=380"}],"curies":[{"name":"wp","href":"https:\/\/api.w.org\/{rel}","templated":true}]}}